{"id":3,"date":"2019-04-09T10:51:57","date_gmt":"2019-04-09T10:51:57","guid":{"rendered":"http:\/\/greendea.ecoltivo.com\/?page_id=3"},"modified":"2019-04-23T17:22:34","modified_gmt":"2019-04-23T17:22:34","slug":"privacy-policy","status":"publish","type":"page","link":"https:\/\/ecoltivo.com\/Greendea\/privacy-policy\/","title":{"rendered":"Privacy Policy"},"content":{"rendered":"<div id=\"pl-3\"  class=\"panel-layout\" ><div id=\"pg-3-0\"  class=\"panel-grid panel-has-style\" ><div class=\"siteorigin-panels-stretch panel-row-style panel-row-style-for-3-0\" data-stretch-type=\"full-stretched-padded\" ><div id=\"pgc-3-0-0\"  class=\"panel-grid-cell panel-grid-cell-empty\" ><\/div><div id=\"pgc-3-0-1\"  class=\"panel-grid-cell panel-grid-cell-mobile-last\" ><div id=\"panel-3-0-1-0\" class=\"so-panel widget widget_sow-editor panel-first-child panel-last-child\" data-index=\"0\" ><div\n\t\t\t\n\t\t\tclass=\"so-widget-sow-editor so-widget-sow-editor-base\"\n\t\t\t\n\t\t>\n<div class=\"siteorigin-widget-tinymce textwidget\">\n\t<p style=\"text-align: center;\">Privacy Policy<\/p>\n<p style=\"text-align: center;\"><strong>INFORMATIVA PER IL TRATTAMENTO DI DATI PERSONALI<\/strong><\/p>\n<p style=\"text-align: center;\">Desideriamo informarla che il GDPR 679\/2016 (\u201cRegolamento Generale sulla Protezione dei Dati\u201d) prevede la tutela delle persone e di altri soggetti rispetto al trattamento dei dati personali. Secondo la normativa indicata, tale trattamento sar\u00e0 improntato ai principi di correttezza, liceit\u00e0 e trasparenza e di tutela della Sua riservatezza e dei Suoi diritti. Ai sensi dell'articolo 13 del GDPR, pertanto, le forniamo le seguenti informazioni qui di seguito riportate.<\/p>\n<p style=\"text-align: center;\"><strong>TITOLARE DEL TRATTAMENTO DEI DATI<\/strong><\/p>\n<p style=\"text-align: center;\">Titolare del trattamento \u00e8 la societ\u00e0 Ecoltivo di Galassi Richard, CORREZZANA (MB) VIA ALESSANDRO VOLTA 11 CAP 20856 Italia, nella persona del legale rappresentante pro tempore.<\/p>\n<p style=\"text-align: center;\"><strong>FINALITA\u2019 DEL TRATTAMENTO DEI DATI<\/strong><\/p>\n<p style=\"text-align: center;\">Dati di navigazione<br \/>\nI sistemi informatici e le procedure software preposte al funzionamento di questo sito web acquisiscono, nel corso del loro normale esercizio, alcuni dati la cui trasmissione \u00e8 implicita nell'uso dei protocolli di comunicazione di Internet. Si tratta di informazioni che non sono raccolte per essere associate a interessati identificati, ma che per loro stessa natura potrebbero, attraverso elaborazioni ed associazioni con dati detenuti da terzi, permettere di identificare gli utenti. In questa categoria di dati rientrano gli indirizzi IP o i nomi a dominio dei computer utilizzati dagli utenti che si connettono al sito, gli indirizzi in notazione URI (Uniform Resource Identifier) delle risorse richieste, l\u2019orario della richiesta, il metodo utilizzato nel sottoporre la richiesta al server, la dimensione del file ottenuto in risposta, il codice numerico indicante lo stato della risposta data dal server (buon fine, errore, ecc.) ed altri parametri relativi al sistema operativo e all'ambiente informatico dell\u2019utente. Questi dati vengono utilizzati al solo fine di ricavare informazioni statistiche anonime sull'uso del sito e per controllarne il corretto funzionamento e vengono conservati per il tempo strettamente necessario. I dati potrebbero essere utilizzati per l\u2019accertamento di responsabilit\u00e0 in caso di ipotetici reati informatici ai danni del sito.<\/p>\n<p style=\"text-align: center;\">Dati forniti dall'utente<br \/>\nIl trattamento \u00e8 finalizzato all'erogazione dei servizi offerti nel sito, anche mediante l\u2019accesso ad aree riservate del sito, all'elaborazione di statistiche sull\u2019uso dei servizi stessi e all'invio di informazioni, materiale promozionale di natura tecnica e\/o commerciale o altre comunicazioni inerenti l\u2019attivit\u00e0 di Ecoltivo di Galassi Richard sia in formato digitale che cartaceo. il rifiuto di fornire il consenso al trattamento dei dati potr\u00e0 precludere, in tutto o in parte, la fruizione dei servizi richiesti. In relazione alla raccolta dati ai fini della selezione del personale si fa rimando alla specifica informativa che potr\u00e0 visionare qualora intendesse inviarci il suo curriculum vitae. Si precisa che non \u00e8 previsto il consenso dell\u2019interessato qualora il trattamento dei dati sia necessario per eseguire un contratto; in tali casi i dati raccolti saranno oggetto di trattamento finalizzato esclusivamente all\u2019adempimento degli obblighi contrattuali, nonch\u00e9 per le finalit\u00e0 correlate alla valutazione della soddisfazione del cliente, come da norma UNI EN ISO 9001, sulla base di procedure interne opportunamente redatte da Ecoltivo di Galassi Richard.<\/p>\n<p style=\"text-align: center;\">Cookies<br \/>\nQuesto sito web utilizza Google Analytics in modalit\u00e0 anonimizzante l'indirizzo IP, un servizio di analisi web fornito da Google, Inc. (\"Google\"). Google Analytics utilizza dei \"cookies\", che sono file di testo che vengono depositati sul Vostro computer per consentire al sito web di analizzare come gli utenti utilizzano il sito. Le informazioni generate dal cookie sull'utilizzo del sito web da parte Vostra (compreso il Vostro indirizzo IP, anonimizzato togliendo alcune cifre) verranno trasmesse a, e depositate presso i server di Google negli Stati Uniti. Google utilizzer\u00e0 queste informazioni allo scopo di tracciare e esaminare il Vostro utilizzo del sito web, compilare report sulle attivit\u00e0 del sito web per gli operatori del sito web e fornire altri servizi relativi alle attivit\u00e0 del sito web e all'utilizzo di Internet. Google pu\u00f2 anche trasferire queste informazioni a terzi ove ci\u00f2 sia imposto dalla legge o laddove tali terzi trattino le suddette informazioni per conto di Google.<\/p>\n<p style=\"text-align: center;\">I cookies che possono essere generati da Google Analytics sono elencati in questa pagina:\u00a0<a href=\"https:\/\/developers.google.com\/analytics\/devguides\/collection\/analyticsjs\/cookie-usage\">https:\/\/developers.google.com\/analytics\/devguides\/collection\/analyticsjs...<\/a><\/p>\n<p style=\"text-align: center;\">I dati generati da Google Analytics saranno conservati da Google come indicato nell'Informativa consultabile al seguente link:\u00a0<a href=\"https:\/\/developers.google.com\/analytics\/devguides\/collection\/analyticsjs\/cookie-usage\">https:\/\/developers.google.com\/analytics\/devguides\/collection\/analyticsjs...<\/a><\/p>\n<p style=\"text-align: center;\">L'informativa della privacy di Google relativa al servizio Google Analytics, \u00e8 consultabile al seguente link:\u00a0<a href=\"https:\/\/support.google.com\/analytics\/answer\/6004245\">https:\/\/support.google.com\/analytics\/answer\/6004245<\/a>.<\/p>\n<p style=\"text-align: center;\"><strong>MODALITA\u2019 DEL TRATTAMENTO DEI DATI<\/strong><\/p>\n<p style=\"text-align: center;\">Tutte le informazioni che l'utente trasmetter\u00e0 volontariamente a questo sito verranno trattate da incaricati di Ecoltivo di Galassi Richard nel rispetto delle modalit\u00e0 stabilite dal GDPR 679\/2016. Le banche dati dove sono conservati i Suoi dati personali soddisfano i requisiti di sicurezza previsti dall\u2019art. 32 del GDPR. Il trattamento dati svolto con l\u2019ausilio di mezzi elettronici e\/o manuali, comprender\u00e0, nel rispetto dei limiti e delle condizioni posti dall\u2019art. 5 del GDPR, tutte le operazioni o complesso di operazioni previste dall\u2019art. 4 comma 1 lettera 2 del GDPR, indispensabili al trattamento in questione.<\/p>\n<p style=\"text-align: center;\"><strong>MODALITA\u2019 DI ACCESSO, MODIFICA E CANCELLAZIONE DEI PROPRI DATI<\/strong><\/p>\n<p style=\"text-align: center;\">In qualsiasi momento sar\u00e0 possibile richiedere gratuitamente la verifica, la cancellazione, la modifica dei propri dati, ed esercitare i diritti previsti dagli artt. 15-22 del GDPR (diritto di accesso, diritto di rettifica, diritto alla cancellazione, diritto alla limitazione del trattamento, diritto alla portabilit\u00e0, diritto di opposizione, diritto di opposizione al processo decisionale automatizzato) scrivendo all'indirizzo di posta elettronica\u00a0<a href=\"mailto:info@ecoltivo.com\">info@ecoltivo.com<\/a>.<\/p>\n<p style=\"text-align: center;\">L\u2019interessato ha diritto di porre reclamo all\u2019autorit\u00e0 indipendente qualora ritenga che il trattamento che lo riguarda violi il presente regolamento. Maggiori informazioni su\u00a0<a href=\"http:\/\/www.garanteprivacy.it\/\">www.garanteprivacy.it<\/a><\/p>\n<\/div>\n<\/div><\/div><\/div><div id=\"pgc-3-0-2\"  class=\"panel-grid-cell panel-grid-cell-empty\" ><\/div><\/div><\/div><\/div>","protected":false},"excerpt":{"rendered":"<p>Privacy Policy INFORMATIVA PER IL TRATTAMENTO DI DATI PERSONALI Desideriamo informarla che il GDPR 679\/2016 (\u201cRegolamento Generale sulla Protezione dei Dati\u201d) prevede la tutela delle persone e di altri soggetti rispetto al trattamento dei dati personali. Secondo la normativa indicata, tale trattamento sar\u00e0 improntato ai principi di correttezza, liceit\u00e0 e trasparenza e di tutela della &hellip; <\/p>\n<p class=\"link-more\"><a href=\"https:\/\/ecoltivo.com\/Greendea\/privacy-policy\/\" class=\"more-link\">Continue reading<span class=\"screen-reader-text\"> &#8220;Privacy Policy&#8221;<\/span><\/a><\/p>\n","protected":false},"author":1,"featured_media":0,"parent":0,"menu_order":0,"comment_status":"closed","ping_status":"open","template":"","meta":{"om_disable_all_campaigns":false,"_monsterinsights_skip_tracking":false,"_monsterinsights_sitenote_active":false,"_monsterinsights_sitenote_note":"","_monsterinsights_sitenote_category":0,"footnotes":""},"class_list":["post-3","page","type-page","status-publish","hentry"],"jetpack_sharing_enabled":true,"_links":{"self":[{"href":"https:\/\/ecoltivo.com\/Greendea\/wp-json\/wp\/v2\/pages\/3","targetHints":{"allow":["GET"]}}],"collection":[{"href":"https:\/\/ecoltivo.com\/Greendea\/wp-json\/wp\/v2\/pages"}],"about":[{"href":"https:\/\/ecoltivo.com\/Greendea\/wp-json\/wp\/v2\/types\/page"}],"author":[{"embeddable":true,"href":"https:\/\/ecoltivo.com\/Greendea\/wp-json\/wp\/v2\/users\/1"}],"replies":[{"embeddable":true,"href":"https:\/\/ecoltivo.com\/Greendea\/wp-json\/wp\/v2\/comments?post=3"}],"version-history":[{"count":4,"href":"https:\/\/ecoltivo.com\/Greendea\/wp-json\/wp\/v2\/pages\/3\/revisions"}],"predecessor-version":[{"id":327,"href":"https:\/\/ecoltivo.com\/Greendea\/wp-json\/wp\/v2\/pages\/3\/revisions\/327"}],"wp:attachment":[{"href":"https:\/\/ecoltivo.com\/Greendea\/wp-json\/wp\/v2\/media?parent=3"}],"curies":[{"name":"wp","href":"https:\/\/api.w.org\/{rel}","templated":true}]}}