{"id":32,"date":"2019-04-22T19:39:56","date_gmt":"2019-04-22T19:39:56","guid":{"rendered":"http:\/\/greendea.ecoltivo.com\/?page_id=32"},"modified":"2019-04-22T19:41:42","modified_gmt":"2019-04-22T19:41:42","slug":"il-prodotto","status":"publish","type":"page","link":"https:\/\/ecoltivo.com\/Greendea\/il-prodotto\/","title":{"rendered":"Il Prodotto"},"content":{"rendered":"<div id=\"pl-32\"  class=\"panel-layout\" ><div id=\"pg-32-0\"  class=\"panel-grid panel-has-style\" ><div class=\"siteorigin-panels-stretch panel-row-style panel-row-style-for-32-0\" data-stretch-type=\"full-stretched-padded\" ><div id=\"pgc-32-0-0\"  class=\"panel-grid-cell panel-grid-cell-empty\" ><\/div><div id=\"pgc-32-0-1\"  class=\"panel-grid-cell panel-grid-cell-mobile-last\" ><div id=\"panel-32-0-1-0\" class=\"so-panel widget widget_sow-editor panel-first-child panel-last-child\" data-index=\"0\" ><div\n\t\t\t\n\t\t\tclass=\"so-widget-sow-editor so-widget-sow-editor-base\"\n\t\t\t\n\t\t>\n<div class=\"siteorigin-widget-tinymce textwidget\">\n\t<p><strong>Il prodotto<\/strong><\/p>\n<p>Greendea \u00e8 un sistema innovativo che sfrutta la coltivazione idroponica delle piante: un sistema che consente produzioni pi\u00f9 ricche, a costi minori, con qualit\u00e0 controllata e risparmio di acqua rispetto alla coltivazione tradizionale e che oggi suscita particolare interesse per il suo impiego in contesti di particolare difficolt\u00e0 quali: zone aride, aree inquinate.<\/p>\n<p>Piccolo e compatto, pu\u00f2 essere ospitato ovunque: le dimensioni ridotte lo rendono adatto ad ogni abitazione; il design lineare ne consente l\u2019inserimento in ogni ambiente della casa cos\u00ec come in ufficio, anche se \u00e8 in cucina che Greendea d\u00e0 il meglio di s\u00e9, assicurando qualit\u00e0 e freschezza degli ingredienti.<\/p>\n<p><strong>Un nuovo modo di coltivare<\/strong><\/p>\n<p>Greendea rappresenta un nuovo modo di coltivare. Alternativo ed estremamente semplice, rende la natura un piacere alla portata di tutti, facile e divertente come un gioco.<\/p>\n<p>Bastano acqua, semi, nutrimento e una presa elettrica, per ottenere in poco tempo erbe officinali, piante o fiori, senza possedere particolari conoscenze tecniche o botaniche.<\/p>\n<p>Greendea infatti \u00e8 semplice: \u00e8 composto da un serbatoio per l\u2019acqua chiuso da un\u00a0<em>plateau<\/em>\u00a0in cui sono ospitati piccoli cestelli da seminare. Basta poi riempire il serbatoio con acqua di rubinetto, aggiungere il fertilizzante e accendere la lampada. In pochi giorni spunteranno i primi germogli.<\/p>\n<p>Le radici infatti sono immerse in una soluzione costituita da acqua, nutrimento e ossigeno, da cui le piante assorbono tutto il necessario per una crescita rigogliosa. La quantit\u00e0 di luce ottimale \u00e8 fornita da una lampada a led rossi e blu che simula la durata del ciclo giorno-notte e stimola una crescita continua, garantendo risultati in ogni periodo dell\u2019anno, con un basso consumo energetico.<\/p>\n<p>Fino ad oggi la coltura idroponica era materia per esperti: il continuo controllo delle caratteristiche di salinit\u00e0, durezza e acidit\u00e0 delle acque e il corretto dosaggio delle sostanze e dell\u2019ossigenazione durante l\u2019intero ciclo vitale, costringevano a interventi quotidiani di misurazione e continue correzioni.<\/p>\n<p>\u00c8 proprio la soluzione di tutti questi aspetti tecnici a rendere Greendea innovativa; la macchina gestisce autonomamente tutte le fasi del ciclo vitale: la luce e il nutrimento sono controllati da un micro computer ospitato nella lampada, gi\u00e0 impostato sui parametri ottimali per la crescita. E\u2019 lo stesso computer a segnalare anche il momento in cui occorre rinnovare la scorta di acqua e nutrimento.<\/p>\n<p>Il\u00a0Fertilizzante\u00a0rende immediatamente disponibili tutte le sostanze di cui la pianta ha bisogno durante le diverse fasi della crescita e della fioritura; mantiene inoltre stabili i valori ideali di acidit\u00e0 dell\u2019acqua, non annerisce le radici e non le imputridisce, evitando cos\u00ec odori sgradevoli. La quantit\u00e0 d\u2019impiego \u00e8 predosata.<\/p>\n<p>Greendea \u00e8 pulito:\u00a0costituisce un ambiente di cultura asettico, privo di insetti, erbacce e agenti patogeni; non richiede pesticidi od Ogm.<\/p>\n<p>Greendea \u00e8\u00a0ecologico:\u00a0rende possibile la coltivazione fuori suolo, ottimizzando l\u2019uso di acqua. L\u2019immersione delle radici direttamente in acqua consente alla pianta l\u2019assorbimento diretto delle sostanze necessarie, evitando inutili dispersioni nel terreno.<\/p>\n<p>Greendea \u00e8 oggi disponibile in due modelli<\/p>\n<p><strong>GD2<\/strong>\u00a0e\u00a0<strong>GD3<\/strong>\u00a0\u2013 di dimensioni maggiori, consentono la coltivazione di piante fino a 70 cm. Per assicurare alla pianta la stessa quantit\u00e0 di luce in tutta la sua altezza, \u00e8 stato necessario riprogettare l\u2019intero dispositivo. Il nuovo coltivatore monta una nuova lampada agro da 70 watt, ad ali mobili, che consentono di indirizzare al meglio la quantit\u00e0 di luce sulle foglie pi\u00f9 esterne. Sono stati potenziati infine i led bianchi rossi e blu.<\/p>\n<p>Frutto della creativit\u00e0, della tenacia, della capacit\u00e0 innovativa italiana, Greendea \u00e8 un marchio registrato ed \u00e8 in attesa di ottenere il brevetto sia in Italia che in ambito internazionale.<\/p>\n<p>Riconoscimenti<\/p>\n<p>Nel 2012 Greendea si \u00e8 aggiudicato il prestigioso premio Flormagazine per l\u2019innovazione tecnologica al Flormart di Padova, la pi\u00f9 importante fiera di giardinaggio e di florovivaismo in Europa.<\/p>\n<\/div>\n<\/div><\/div><\/div><div id=\"pgc-32-0-2\"  class=\"panel-grid-cell panel-grid-cell-empty\" ><\/div><\/div><\/div><\/div>","protected":false},"excerpt":{"rendered":"<p>Il prodotto Greendea \u00e8 un sistema innovativo che sfrutta la coltivazione idroponica delle piante: un sistema che consente produzioni pi\u00f9 ricche, a costi minori, con qualit\u00e0 controllata e risparmio di acqua rispetto alla coltivazione tradizionale e che oggi suscita particolare interesse per il suo impiego in contesti di particolare difficolt\u00e0 quali: zone aride, aree inquinate. &hellip; <\/p>\n<p class=\"link-more\"><a href=\"https:\/\/ecoltivo.com\/Greendea\/il-prodotto\/\" class=\"more-link\">Continue reading<span class=\"screen-reader-text\"> &#8220;Il Prodotto&#8221;<\/span><\/a><\/p>\n","protected":false},"author":1,"featured_media":0,"parent":0,"menu_order":0,"comment_status":"closed","ping_status":"closed","template":"","meta":{"om_disable_all_campaigns":false,"_monsterinsights_skip_tracking":false,"_monsterinsights_sitenote_active":false,"_monsterinsights_sitenote_note":"","_monsterinsights_sitenote_category":0,"footnotes":""},"class_list":["post-32","page","type-page","status-publish","hentry"],"jetpack_sharing_enabled":true,"_links":{"self":[{"href":"https:\/\/ecoltivo.com\/Greendea\/wp-json\/wp\/v2\/pages\/32","targetHints":{"allow":["GET"]}}],"collection":[{"href":"https:\/\/ecoltivo.com\/Greendea\/wp-json\/wp\/v2\/pages"}],"about":[{"href":"https:\/\/ecoltivo.com\/Greendea\/wp-json\/wp\/v2\/types\/page"}],"author":[{"embeddable":true,"href":"https:\/\/ecoltivo.com\/Greendea\/wp-json\/wp\/v2\/users\/1"}],"replies":[{"embeddable":true,"href":"https:\/\/ecoltivo.com\/Greendea\/wp-json\/wp\/v2\/comments?post=32"}],"version-history":[{"count":3,"href":"https:\/\/ecoltivo.com\/Greendea\/wp-json\/wp\/v2\/pages\/32\/revisions"}],"predecessor-version":[{"id":35,"href":"https:\/\/ecoltivo.com\/Greendea\/wp-json\/wp\/v2\/pages\/32\/revisions\/35"}],"wp:attachment":[{"href":"https:\/\/ecoltivo.com\/Greendea\/wp-json\/wp\/v2\/media?parent=32"}],"curies":[{"name":"wp","href":"https:\/\/api.w.org\/{rel}","templated":true}]}}